{"id":121,"date":"2014-11-24T15:02:09","date_gmt":"2014-11-24T15:02:09","guid":{"rendered":"http:\/\/sk-navaho.hr\/?page_id=121"},"modified":"2017-03-14T19:54:45","modified_gmt":"2017-03-14T18:54:45","slug":"o-klubu","status":"publish","type":"page","link":"http:\/\/sk-navaho.hr\/?page_id=121","title":{"rendered":"O klubu"},"content":{"rendered":"<p>Streli\u010darski klub \u201eNavaho\u201cJal\u017eabet po\u010deo je sa djelovanjem 08.08.2014. godine, a od 22.11.2014. potvr\u0111en je i u \u010dlanstvo Hrvatskog streli\u010darskog saveza. Osnovan je sa ciljem promicanja, razvitka i unapre\u0111enja streli\u010darskog sporta i ujedno da obogati sportsku ponudu Op\u0107ine Jal\u017eabet. Trenutno klub broji 33 \u010dlana, od \u010dega je 18 natjecatelja u vi\u0161e kategorija i dobnih skupina.<\/p>\n<p>Predsjednik kluba i ujedno glavni inicijator za osnivanje je Ivica Vugrinec iz Le\u0161takovca. Uz njegovu pomo\u0107 uspjela se dogovoriti suradnja sa dugogodi\u0161njim vrhunskim streli\u010darom i trenerom, g. Cvijetoslavom Zormanom iz Vara\u017edina. Uz njegovu stru\u010dnu pomo\u0107 olak\u0161an je put da se klub i streli\u010dari razvijaju u pravom smijeru.<\/p>\n<p>&nbsp;<\/p>\n<p>Naziv kluba: Streli\u010darski klub Navaho Jal\u017eabet<\/p>\n<p>Adresa: Le\u0161takovec 2b<\/p>\n<p>OIB: 19423783655<\/p>\n<p>IBAN: HR8723600001102433874<\/p>\n<p>E: <a href=\"mailto:sknavaho@gmail.com\">sknavaho@gmail.com<\/a><\/p>\n<p>W: <a href=\"http:\/\/sk-navaho.hr\">sk-navaho.hr<\/a><\/p>\n<p>&nbsp;<\/p>\n<p>&nbsp;<\/p>\n","protected":false},"excerpt":{"rendered":"<p>Streli\u010darski klub \u201eNavaho\u201cJal\u017eabet po\u010deo je sa djelovanjem 08.08.2014. godine, a od 22.11.2014. potvr\u0111en je i u \u010dlanstvo Hrvatskog streli\u010darskog saveza. Osnovan je sa ciljem promicanja, razvitka i unapre\u0111enja streli\u010darskog sporta i ujedno da obogati sportsku ponudu Op\u0107ine Jal\u017eabet. Trenutno klub broji 33 \u010dlana, od \u010dega je 18 natjecatelja u vi\u0161e kategorija i dobnih skupina. Predsjednik [&hellip;]<\/p>\n","protected":false},"author":1,"featured_media":0,"parent":0,"menu_order":0,"comment_status":"open","ping_status":"open","template":"","meta":{"ngg_post_thumbnail":0,"footnotes":""},"class_list":["post-121","page","type-page","status-publish","hentry"],"_links":{"self":[{"href":"http:\/\/sk-navaho.hr\/index.php?rest_route=\/wp\/v2\/pages\/121","targetHints":{"allow":["GET"]}}],"collection":[{"href":"http:\/\/sk-navaho.hr\/index.php?rest_route=\/wp\/v2\/pages"}],"about":[{"href":"http:\/\/sk-navaho.hr\/index.php?rest_route=\/wp\/v2\/types\/page"}],"author":[{"embeddable":true,"href":"http:\/\/sk-navaho.hr\/index.php?rest_route=\/wp\/v2\/users\/1"}],"replies":[{"embeddable":true,"href":"http:\/\/sk-navaho.hr\/index.php?rest_route=%2Fwp%2Fv2%2Fcomments&post=121"}],"version-history":[{"count":6,"href":"http:\/\/sk-navaho.hr\/index.php?rest_route=\/wp\/v2\/pages\/121\/revisions"}],"predecessor-version":[{"id":1791,"href":"http:\/\/sk-navaho.hr\/index.php?rest_route=\/wp\/v2\/pages\/121\/revisions\/1791"}],"wp:attachment":[{"href":"http:\/\/sk-navaho.hr\/index.php?rest_route=%2Fwp%2Fv2%2Fmedia&parent=121"}],"curies":[{"name":"wp","href":"https:\/\/api.w.org\/{rel}","templated":true}]}}